{"id":3711,"date":"2023-03-01T08:23:05","date_gmt":"2023-03-01T08:23:05","guid":{"rendered":"http:\/\/localhost\/kamagratoday.to\/?post_type=product&#038;p=3711"},"modified":"2023-04-17T12:39:50","modified_gmt":"2023-04-17T12:39:50","slug":"kamagra-soft-tabs","status":"publish","type":"product","link":"https:\/\/www.kamagratoday.to\/fr\/kamagra-soft-tabs\/","title":{"rendered":"Kamagra Soft Tabs"},"content":{"rendered":"<h1>Kamagra Soft Tabs est-il efficace dans le traitement de l&rsquo;impuissance masculine ?<\/h1>\n<p>Si un homme a du mal \u00e0 obtenir une \u00e9rection pendant les rapports sexuels et \u00e0 maintenir l&rsquo;\u00e9rection obtenue, il doit souffrir d&rsquo;un trouble appel\u00e9 impuissance ou dysfonction \u00e9rectile. Ce trouble sexuel a \u00e9t\u00e9 li\u00e9 \u00e0 l&rsquo;anxi\u00e9t\u00e9, \u00e0 la d\u00e9pression, \u00e0 un mode de vie et \u00e0 des habitudes malsains. Les hommes souffrant d&rsquo;\u00e9rection ne devraient pas seulement commencer \u00e0 prendre un m\u00e9dicament efficace pour la gu\u00e9rir, mais devraient \u00e9galement modifier leurs habitudes alimentaires et leur mode de vie. Les m\u00e9decins prescrivent un m\u00e9dicament connu sous le nom de Kamagra Soft Tabs pour le traitement de l&rsquo;impuissance masculine. Ce m\u00e9dicament aidera un homme \u00e0 atteindre l&rsquo;\u00e9rection p\u00e9nienne souhait\u00e9e et \u00e0 la maintenir lorsqu&rsquo;il est sexuellement actif.<\/p>\n<h2>M\u00e9canisme d&rsquo;action<\/h2>\n<p>Tout homme, quel que soit son \u00e2ge, qui \u00e9prouve ce probl\u00e8me devrait commander Kamagra Soft Tabs et prendre une pilule avant l&rsquo;activit\u00e9 sexuelle. L&rsquo;ingr\u00e9dient actif de ce m\u00e9dicament provoque l&rsquo;\u00e9largissement de la veine pr\u00e9sente \u00e0 l&rsquo;int\u00e9rieur du p\u00e9nis en p\u00e9n\u00e9trant \u00e0 l&rsquo;int\u00e9rieur. En raison de cette expansion, les muscles disponibles dans les veines se d\u00e9tendent, ce qui permet aux canaux p\u00e9niens de transmettre une surabondance de flux sanguin. Cet apport suppl\u00e9mentaire de sang provenant de ces conduits p\u00e9niens entra\u00eenera la croissance du p\u00e9nis en raison du d\u00e9roulement musculaire. Ce p\u00e9nis allong\u00e9 aidera un homme impotent \u00e0 obtenir une bonne \u00e9rection, puis \u00e0 la maintenir plus longtemps, essentiellement pendant 2 heures pendant les rapports sexuels. Donc,<\/p>\n<h3>Dosage<\/h3>\n<p>Votre posologie et la fr\u00e9quence \u00e0 laquelle vous prenez le m\u00e9dicament d\u00e9pendront de\u00a0:<\/p>\n<p>la condition trait\u00e9e<\/p>\n<p>votre \u00e2ge<\/p>\n<p>\u00e0 quel point votre \u00e9tat est-il extr\u00eame<\/p>\n<p>d&rsquo;autres maux que vous pourriez avoir<\/p>\n<p>comment r\u00e9agit-il \u00e0 la premi\u00e8re dose<\/p>\n<p>Vous n&rsquo;aurez jamais besoin d&rsquo;une autre ordonnance pour renouveler ce m\u00e9dicament.<\/p>\n<p>Un m\u00e9decin inscrira le nombre de renouvellements approuv\u00e9s sur le m\u00e9dicament.<\/p>\n<p>La posologie recommand\u00e9e sera communiqu\u00e9e par le m\u00e9decin.<\/p>\n<p>10mg est dans la dose de d\u00e9part.<\/p>\n<p>Il est pris 20 minutes avant les rapports sexuels.<\/p>\n<p>L&rsquo;impact dure jusqu&rsquo;\u00e0 5 heures.<\/p>\n<p>Les comprim\u00e9s doivent \u00eatre utilis\u00e9s \u00e0 intervalles r\u00e9guliers.<\/p>\n<p>Les comprim\u00e9s orodispersibles doivent se dissoudre sur la langue avant d&rsquo;\u00eatre aval\u00e9s.<\/p>\n<p>Le m\u00e9dicament ne fonctionne que si l&rsquo;homme est physiquement excit\u00e9. Ensuite, les pr\u00e9liminaires seront n\u00e9cessaires.<\/p>\n<p>Vous pouvez le prendre avec de la nourriture, mais ne prenez pas de repas copieux et soyez rassasi\u00e9 avant de le prendre.<\/p>\n<p>Ne le prenez pas avec des boissons ou de l&rsquo;alcool.<\/p>\n<p>Si vous buvez de l&rsquo;alcool avec, le risque d&rsquo;avoir une \u00e9rection du p\u00e9nis sera r\u00e9duit.<\/p>\n<p>De plus, l&rsquo;alcool augmentera tout risque d&rsquo;effets n\u00e9fastes sur la sant\u00e9.<\/p>\n<h4>Entreposage<\/h4>\n<p>Il y a certaines choses que vous devez garder \u00e0 l&rsquo;esprit lorsque vous prenez ce m\u00e9dicament. Donc, puisque vous voulez qu&rsquo;il soit efficace jusqu&rsquo;\u00e0 la date d&rsquo;expiration, vous devriez avoir une id\u00e9e des choses suivantes apr\u00e8s avoir achet\u00e9 Kamagra Soft Tabs :<\/p>\n<p>Il doit \u00eatre plac\u00e9 \u00e0 l&rsquo;abri de toute humidit\u00e9.<\/p>\n<p>La lumi\u00e8re du soleil ne devrait pas \u00eatre l\u00e0 pr\u00e8s de ce m\u00e9dicament.<\/p>\n<p>Les enfants ne doivent pas y toucher.<\/p>\n<p>Vous devez le mettre dans un r\u00e9cipient et le fermer herm\u00e9tiquement.<\/p>\n<h4>Pr\u00e9cautions<\/h4>\n<p>Si vous en prenez trop, vous pourriez avoir des niveaux dangereux de ce m\u00e9dicament dans votre corps.<\/p>\n<p>Des sympt\u00f4mes de surdosage tels que des \u00e9tourdissements, des douleurs thoraciques, des probl\u00e8mes de vision, des \u00e9vanouissements et des probl\u00e8mes auditifs se produiront.<\/p>\n<p>En cas de surdosage, contactez votre m\u00e9decin.<\/p>\n<p>Informez un m\u00e9decin de toute autre condition m\u00e9dicale que vous avez et de tout m\u00e9dicament que vous prenez.<\/p>\n<p>Essayez de ne pas commander Kamagra Soft Tabs avec des prescriptions contenant des nitrates.<\/p>\n<p>Les patients qui traitent leurs douleurs thoraciques avec un m\u00e9dicament contenant du nitrate ne doivent jamais utiliser ce m\u00e9dicament.<\/p>\n<p>La sensation d&rsquo;une chute soudaine de la pression art\u00e9rielle et des vertiges est un signe imm\u00e9diat d&rsquo;une visite chez le m\u00e9decin pour une assistance m\u00e9dicale.<\/p>\n<p>Si votre p\u00e9nis devient douloureux apr\u00e8s l&rsquo;\u00e9rection, vous devez appeler votre m\u00e9decin imm\u00e9diatement.<\/p>\n<p>Vous devez arr\u00eater de prendre ce m\u00e9dicament si vous vous sentez naus\u00e9eux en faisant l&rsquo;amour.<\/p>\n<p>Il ne doit jamais \u00eatre pris pour le traitement de la dysfonction \u00e9rectile chez les personnes souffrant d&rsquo;un ulc\u00e8re \u00e0 l&rsquo;estomac.<\/p>\n<p>Les hommes de moins de 18 ans ne doivent jamais acheter Kamagra Soft Tabs ni les utiliser pour quelque raison que ce soit.<\/p>\n<p>Maladie coronarienne, probl\u00e8mes sanguins, angine de poitrine, ant\u00e9c\u00e9dents d&rsquo;infarctus du myocarde ou d&rsquo;accident vasculaire c\u00e9r\u00e9bral au cours des six derniers mois, hypotension vasculaire, glaucome, infections r\u00e9nales et h\u00e9patiques, d\u00e9formation du p\u00e9nis ou ant\u00e9c\u00e9dents caract\u00e9ris\u00e9s par un priapisme et une sensibilit\u00e9 aux m\u00e9dicaments.<\/p>\n<p>Si vous avez pris ce m\u00e9dicament, ne conduisez pas et ne pratiquez pas d&rsquo;autres activit\u00e9s physiques car vous pourriez vous sentir \u00e9tourdi.<\/p>\n<p>La prise de ce m\u00e9dicament peut provoquer une hypertension art\u00e9rielle.<\/p>\n<p>Des vomissements se produisent \u00e9galement si ce m\u00e9dicament est pris pour la premi\u00e8re fois.<\/p>\n<p>Si des \u00e9ruptions cutan\u00e9es apparaissent sur le visage et les l\u00e8vres, consultez votre m\u00e9decin.<\/p>\n<p>Il ne doit pas \u00eatre pris avec d&rsquo;autres m\u00e9dicaments et ne doit jamais prendre m\u00eame la plus petite dose du m\u00e9dicament.<\/p>\n<p>Les personnes qui consomment de l&rsquo;alcool devraient prendre ce m\u00e9dicament pour se d\u00e9barrasser de la dysfonction \u00e9rectile.<\/p>\n<p>Les personnes atteintes d&rsquo;une maladie li\u00e9e \u00e0 leur foie le prennent apr\u00e8s avoir consult\u00e9 leur m\u00e9decin.<\/p>\n<h5><strong>Effets secondaires<\/strong><\/h5>\n<p>Divers m\u00e9dicaments ont divers effets secondaires.<\/p>\n<p>Certaines sont courantes et b\u00e9nignes, d&rsquo;autres sont tr\u00e8s graves.<\/p>\n<p>De plus, ce m\u00e9dicament a des effets secondaires qui frapperont un homme lorsqu&rsquo;il ach\u00e8tera Kamagra Soft Tabs et commencera \u00e0 le prendre.<\/p>\n<p>Lentement, \u00e0 chaque utilisation, les effets secondaires ne persistent pas, mais s&rsquo;ils continuent de vous d\u00e9ranger, demandez l&rsquo;aide d&rsquo;un sp\u00e9cialiste.<\/p>\n<p>Certains effets secondaires observ\u00e9s chez les hommes utilisant ce m\u00e9dicament sont les bouff\u00e9es vasomotrices, la diarrh\u00e9e, les maux de t\u00eate, les naus\u00e9es, l&rsquo;\u00e9jaculation anormale, etc.<\/p>\n<p>Des douleurs thoraciques et une \u00e9rection p\u00e9nienne douloureuse qui dure longtemps peuvent \u00e9galement survenir.<\/p>\n<p>Si ces effets surviennent, vous devez en informer votre m\u00e9decin.<\/p>\n<p>De plus, si un homme qui l&rsquo;utilise \u00e9prouve des changements dans son audition, il doit imm\u00e9diatement cesser d&rsquo;utiliser ce m\u00e9dicament et consulter un m\u00e9decin.<\/p>\n<p>Ne vous sentez pas timide et demandez l&rsquo;aide d&rsquo;un m\u00e9decin. La dysfonction \u00e9rectile peut \u00eatre trait\u00e9e avec les m\u00e9dicaments appropri\u00e9s. Achetez Kamagra Soft Tabs et utilisez-le comme indiqu\u00e9 par votre m\u00e9decin et vous verrez la diff\u00e9rence en quelques jours.<\/p>\n","protected":false},"excerpt":{"rendered":"<p>Kamagra Soft Tabs est-il efficace dans le traitement de l&rsquo;impuissance masculine ? Si un homme a du mal \u00e0 obtenir une \u00e9rection pendant les rapports sexuels et \u00e0 maintenir l&rsquo;\u00e9rection obtenue, il doit souffrir d&rsquo;un trouble appel\u00e9 impuissance ou dysfonction \u00e9rectile. Ce trouble sexuel a \u00e9t\u00e9 li\u00e9 \u00e0 l&rsquo;anxi\u00e9t\u00e9, \u00e0 la d\u00e9pression, \u00e0 un mode [&#8230;]\n","protected":false},"featured_media":3712,"comment_status":"open","ping_status":"closed","template":"","meta":{"om_disable_all_campaigns":false,"_mi_skip_tracking":false},"product_cat":[206],"product_tag":[],"class_list":["post-3711","product","type-product","status-publish","has-post-thumbnail","hentry","product_cat-kategorien-produkt"],"aioseo_notices":[],"_links":{"self":[{"href":"https:\/\/www.kamagratoday.to\/fr\/wp-json\/wp\/v3\/product\/3711","targetHints":{"allow":["GET"]}}],"collection":[{"href":"https:\/\/www.kamagratoday.to\/fr\/wp-json\/wp\/v3\/product"}],"about":[{"href":"https:\/\/www.kamagratoday.to\/fr\/wp-json\/wp\/v2\/types\/product"}],"replies":[{"embeddable":true,"href":"https:\/\/www.kamagratoday.to\/fr\/wp-json\/wp\/v2\/comments?post=3711"}],"wp:featuredmedia":[{"embeddable":true,"href":"https:\/\/www.kamagratoday.to\/fr\/wp-json\/wp\/v2\/media\/3712"}],"wp:attachment":[{"href":"https:\/\/www.kamagratoday.to\/fr\/wp-json\/wp\/v2\/media?parent=3711"}],"wp:term":[{"taxonomy":"product_cat","embeddable":true,"href":"https:\/\/www.kamagratoday.to\/fr\/wp-json\/wp\/v2\/product_cat?post=3711"},{"taxonomy":"product_tag","embeddable":true,"href":"https:\/\/www.kamagratoday.to\/fr\/wp-json\/wp\/v2\/product_tag?post=3711"}],"curies":[{"name":"wp","href":"https:\/\/api.w.org\/{rel}","templated":true}]}}