{"id":3747,"date":"2023-03-01T10:09:05","date_gmt":"2023-03-01T10:09:05","guid":{"rendered":"http:\/\/localhost\/kamagratoday.to\/?post_type=product&#038;p=3747"},"modified":"2023-04-18T05:41:20","modified_gmt":"2023-04-18T05:41:20","slug":"tadacip-20","status":"publish","type":"product","link":"https:\/\/www.kamagratoday.to\/fr\/tadacip-20\/","title":{"rendered":"Tadacip 20"},"content":{"rendered":"<h1><strong>Pr\u00e9sentation du m\u00e9dicament<\/strong><\/h1>\n<p>Peut-il y avoir une pire situation pour les hommes que de ne pas pouvoir avoir d&rsquo;\u00e9rection lorsqu&rsquo;ils sont en pleine activit\u00e9 sexuelle ? Un tel cas de ne pas pouvoir avoir d&rsquo;\u00e9rection peut en entra\u00eener bien d&rsquo;autres. Certaines personnes rencontrent ce probl\u00e8me \u00e0 plusieurs reprises en raison d&rsquo;une condition sous-jacente. Alors que certains d&rsquo;entre eux y sont confront\u00e9s \u00e0 cause de la situation \u00e0 laquelle ils ont \u00e9t\u00e9 confront\u00e9s plus t\u00f4t. Quelle que soit la raison de la dysfonction \u00e9rectile, si vous \u00eates sexuellement stimul\u00e9, Tadacip peut vous aider \u00e0 avoir une \u00e9rection. Il a \u00e9t\u00e9 utilis\u00e9 par de nombreux hommes pour traiter cette condition et ils ont r\u00e9ussi. Donc, si vous cherchez une solution \u00e9tonnante au probl\u00e8me, vous devez essayer celle-ci.<\/p>\n<h2><strong>M\u00e9canisme de travail<\/strong><\/h2>\n<p>Le fonctionnement de tout m\u00e9dicament d\u00e9pendra de l&rsquo;ingr\u00e9dient principal qu&rsquo;il contient. Dans Tadacip, nous avons Tadalafil. Les r\u00e9sultats de cet ingr\u00e9dient sont \u00e9tonnants. D&rsquo;abord, le m\u00e9dicament agira sur le flux sanguin bloqu\u00e9. Habituellement, une \u00e9rection n&rsquo;est pas possible lorsque le sang ne circule pas correctement dans la r\u00e9gion du p\u00e9nis. L&rsquo;enzyme PDE-5 bloquera le flux sanguin. Mais lorsque vous prenez ce m\u00e9dicament, il commence \u00e0 agir comme un inhibiteur de la PDE-5. Ainsi, l&rsquo;enzyme responsable du blocage du sang sera inhib\u00e9e. Le m\u00e9dicament d\u00e9tendra les muscles et les rendra lisses. Avec cela, le flux sanguin reprendra. Les \u00e9ponges douces dans la r\u00e9gion du p\u00e9nis seront remplies de sang. Quand il y a assez de sang dans cette zone, cela cr\u00e9e une certaine pression. La pression aidera \u00e0 obtenir une \u00e9rection. Ce processus est g\u00e9n\u00e9ralement le processus naturel qui se produit pour obtenir une \u00e9rection. Ce n&rsquo;est que lorsque vous \u00eates sexuellement stimul\u00e9 que vous pourrez avoir une \u00e9rection m\u00eame lorsque vous prenez un comprim\u00e9.<\/p>\n<h3><strong>Dosage<\/strong><\/h3>\n<p>Obtenir des informations claires sur la posologie du m\u00e9dicament Tadacip est tr\u00e8s important. Le m\u00e9dicament est disponible dans de nombreuses concentrations diff\u00e9rentes. Ainsi, ce n&rsquo;est que lorsque vous entrerez en contact avec votre professionnalisme que vous pourrez avoir les bonnes informations sur le bon dosage pour vous.<\/p>\n<p>\uf06c Prenez une pilule de la dose prescrite pour vous.<\/p>\n<p>\uf06c La pilule doit \u00eatre prise au moins trente minutes avant le rapport sexuel programm\u00e9.<\/p>\n<p>\uf06c Utilisez uniquement de l&rsquo;eau pour prendre le m\u00e9dicament et toute autre chose peut \u00eatre un probl\u00e8me.<\/p>\n<p>\uf06c \u00c9craser le m\u00e9dicament ou le casser n&rsquo;aide pas \u00e0 obtenir les r\u00e9sultats souhait\u00e9s.<\/p>\n<h4><strong>Entreposage<\/strong><\/h4>\n<p>\u00c9tant donn\u00e9 que Tadacip est g\u00e9n\u00e9ralement command\u00e9 en vrac, vous devrez vous assurer de bien le conserver. S&rsquo;il y a un probl\u00e8me pour les m\u00e9moriser, les r\u00e9sultats ne seront pas exacts. Alors, n&rsquo;oubliez pas de toujours garder le m\u00e9dicament dans un endroit sombre. La lumi\u00e8re du soleil peut causer de l\u00e9gers dommages au m\u00e9dicament et cela affectera les r\u00e9sultats. Parall\u00e8lement \u00e0 cela, vous devez \u00e9galement conserver le m\u00e9dicament \u00e0 l&rsquo;abri de la chaleur. L&rsquo;exposition du m\u00e9dicament \u00e0 la chaleur vous causera \u00e9galement les m\u00eames probl\u00e8mes que l&rsquo;exposition au soleil. Il ne doit pas non plus entrer en contact avec une cr\u00e8me hydratante. Cela peut rendre le m\u00e9dicament humide et vous ne verrez aucun r\u00e9sultat.<\/p>\n<h4><strong>Pr\u00e9cautions<\/strong><\/h4>\n<p>Lorsqu&rsquo;il s&rsquo;agit de la bonne utilisation de Tadacip, ce ne sont pas seulement les informations de dosage. Les pr\u00e9cautions jouent \u00e9galement un r\u00f4le important. Nous examinons ici les pr\u00e9cautions les plus importantes \u00e0 prendre en compte lors de l&rsquo;utilisation de ce m\u00e9dicament.<\/p>\n<p>\uf06c Le dosage est le facteur le plus important. Cela peut causer des probl\u00e8mes si vous augmentez votre dose.<\/p>\n<p>\uf06c Les raisins et le jus de raisin ne doivent jamais \u00eatre utilis\u00e9s avec le m\u00e9dicament. La combinaison de la m\u00e9decine ED avec des raisins peut donner de mauvais r\u00e9sultats.<\/p>\n<p>\uf06c Vous devez laisser un intervalle d&rsquo;au moins trente minutes \u00e0 une heure pour que le m\u00e9dicament montre son effet sur le corps.<\/p>\n<p>\uf06c Ce m\u00e9dicament est destin\u00e9 aux hommes et les femmes doivent rester \u00e0 l&rsquo;\u00e9cart.<\/p>\n<p>\uf06c Dans les 24 heures, il est prudent de ne prendre qu&rsquo;un seul comprim\u00e9. Tout ce qui d\u00e9passe la dose sugg\u00e9r\u00e9e n&rsquo;est pas s\u00fbr.<\/p>\n<p>\uf06c Vous ne devez jamais utiliser de machines lourdes ou de voitures autonomes, car le m\u00e9dicament provoque des \u00e9tourdissements.<\/p>\n<p><strong>Interaction m\u00e9dicamenteuse avec d&rsquo;autres m\u00e9dicaments<\/strong><\/p>\n<p>Les interactions m\u00e9dicamenteuses sont assez courantes avec n&rsquo;importe quel m\u00e9dicament. Ces interactions sont \u00e9galement observ\u00e9es avec Tadacip. L&rsquo;utilisation de ce m\u00e9dicament avec tout m\u00e9dicament contenant des nitrates peut \u00eatre dangereuse. Ceci est g\u00e9n\u00e9ralement observ\u00e9 dans les m\u00e9dicaments li\u00e9s au c\u0153ur et aux reins. La meilleure option ici serait de parler \u00e0 votre m\u00e9decin de tous les m\u00e9dicaments que vous utilisez.<\/p>\n<p><strong>Effets secondaires<\/strong><\/p>\n<p>Y a-t-il des effets secondaires de Tadacip ? C&rsquo;est une question commune que chaque homme a. La dysfonction \u00e9rectile est une condition tr\u00e8s compliqu\u00e9e. C&rsquo;est pourquoi les hommes s&rsquo;en pr\u00e9occupent. Mais vous pouvez vous d\u00e9tendre car il n&rsquo;y a pas d&rsquo;effets secondaires majeurs du m\u00e9dicament, bien que vous puissiez avoir des effets secondaires l\u00e9gers.<\/p>\n<p>\uf06c Fi\u00e8vre<\/p>\n<p>\uf06c Maux de t\u00eate, l\u00e9gers \u00e0 s\u00e9v\u00e8res<\/p>\n<p>\uf06c Mal de ventre<\/p>\n<p>\uf06c Sensation de vomissement<\/p>\n<p>\uf06c Naus\u00e9es<\/p>\n<p>\uf06c Douleurs musculaires<\/p>\n<p>\uf06c Vision floue<\/p>\n<p>\uf06c Rougeur du visage<\/p>\n<p>\uf06c Douleurs articulaires<\/p>\n<p>Ceux-ci peuvent sembler s\u00e9rieux, mais ils ne le sont pas. Ils ne sont vus que sous une forme b\u00e9nigne. De plus, ils n&rsquo;ont pas besoin de m\u00e9dicaments. Tous les sympt\u00f4mes dispara\u00eetront en quelques heures. Mais vous devez \u00eatre prudent et surveiller ces sympt\u00f4mes. Si vous constatez des sympt\u00f4mes qui vous d\u00e9rangent ou durent longtemps, parlez-en \u00e0 votre m\u00e9decin.<\/p>\n<p><strong>Questions fr\u00e9quentes<\/strong><\/p>\n<p>Puis-je prendre Tadacip avec d&rsquo;autres m\u00e9dicaments contre la dysfonction \u00e9rectile ?<\/p>\n<p>Non, il n&rsquo;est jamais s\u00fbr de combiner un m\u00e9dicament contre la dysfonction \u00e9rectile avec un autre. Vous ne devez utiliser qu&rsquo;un m\u00e9dicament recommand\u00e9 par l&rsquo;expert.<\/p>\n<p>Combien de temps dois-je continuer \u00e0 utiliser le m\u00e9dicament contre la dysfonction \u00e9rectile Tadacip ?<\/p>\n<p>L&rsquo;utilisation du m\u00e9dicament doit \u00eatre poursuivie aussi longtemps qu&rsquo;une \u00e9rection est souhait\u00e9e. Les probl\u00e8mes de dysfonction \u00e9rectile ne peuvent pas \u00eatre gu\u00e9ris de fa\u00e7on permanente.<\/p>\n<p>Tadacip dure-t-il 36 heures comme le tadalafil ?<\/p>\n<p>Le tadalafil est l&rsquo;ingr\u00e9dient principal de ce m\u00e9dicament et dure g\u00e9n\u00e9ralement 36 heures. C&rsquo;est ce qu&rsquo;on appelle la pilule du week-end. Mais cela d\u00e9pend toujours du dosage que vous utilisez. Des doses plus faibles ne resteront pas dans le corps pendant 36 heures.<\/p>\n<p>Dans l&rsquo;ensemble, Tadacip est un excellent choix pour ceux qui veulent avoir une \u00e9rection et qui sont sexuellement stimul\u00e9s.<\/p>\n","protected":false},"excerpt":{"rendered":"<p>Pr\u00e9sentation du m\u00e9dicament Peut-il y avoir une pire situation pour les hommes que de ne pas pouvoir avoir d&rsquo;\u00e9rection lorsqu&rsquo;ils sont en pleine activit\u00e9 sexuelle ? Un tel cas de ne pas pouvoir avoir d&rsquo;\u00e9rection peut en entra\u00eener bien d&rsquo;autres. Certaines personnes rencontrent ce probl\u00e8me \u00e0 plusieurs reprises en raison d&rsquo;une condition sous-jacente. Alors que [&#8230;]\n","protected":false},"featured_media":3749,"comment_status":"open","ping_status":"closed","template":"","meta":{"om_disable_all_campaigns":false,"_mi_skip_tracking":false},"product_cat":[206],"product_tag":[],"class_list":["post-3747","product","type-product","status-publish","has-post-thumbnail","hentry","product_cat-kategorien-produkt"],"aioseo_notices":[],"_links":{"self":[{"href":"https:\/\/www.kamagratoday.to\/fr\/wp-json\/wp\/v3\/product\/3747","targetHints":{"allow":["GET"]}}],"collection":[{"href":"https:\/\/www.kamagratoday.to\/fr\/wp-json\/wp\/v3\/product"}],"about":[{"href":"https:\/\/www.kamagratoday.to\/fr\/wp-json\/wp\/v2\/types\/product"}],"replies":[{"embeddable":true,"href":"https:\/\/www.kamagratoday.to\/fr\/wp-json\/wp\/v2\/comments?post=3747"}],"wp:featuredmedia":[{"embeddable":true,"href":"https:\/\/www.kamagratoday.to\/fr\/wp-json\/wp\/v2\/media\/3749"}],"wp:attachment":[{"href":"https:\/\/www.kamagratoday.to\/fr\/wp-json\/wp\/v2\/media?parent=3747"}],"wp:term":[{"taxonomy":"product_cat","embeddable":true,"href":"https:\/\/www.kamagratoday.to\/fr\/wp-json\/wp\/v2\/product_cat?post=3747"},{"taxonomy":"product_tag","embeddable":true,"href":"https:\/\/www.kamagratoday.to\/fr\/wp-json\/wp\/v2\/product_tag?post=3747"}],"curies":[{"name":"wp","href":"https:\/\/api.w.org\/{rel}","templated":true}]}}